{"id":470,"date":"2010-06-01T11:48:03","date_gmt":"2010-06-01T11:48:03","guid":{"rendered":"http:\/\/fcgueugnon.fr\/amicalefcg\/?page_id=470"},"modified":"2010-09-23T19:19:00","modified_gmt":"2010-09-23T19:19:00","slug":"gothas-des-entraineurs","status":"publish","type":"page","link":"https:\/\/fcgueugnon.fr\/amicalefcg\/gotha\/gothas-des-entraineurs","title":{"rendered":"Gotha des Entraineurs, Educateurs et Soigneurs"},"content":{"rendered":"<p><b>Afficher les fiches par <\/b> <a href=\"https:\/\/fcgueugnon.fr\/amicalefcg\/gotha\/gothas-des-entraineurs\/list\/\">Noms tri\u00e9s<\/a> ou <a href=\"https:\/\/fcgueugnon.fr\/amicalefcg\/gotha\/gothas-des-entraineurs\/covers\/\">Photos<\/a><br \/><form id=\"mytreasuressearchform\" action=\"\" method=\"post\" style=\"display: inline;\"><input type=\"text\" id=\"mytreasuressearch\" name=\"mytreasuressearch\" value=\" rechercher... \" onFocus=\"if(this.value==this.defaultValue) this.value='';\" onBlur=\"if(this.value=='') this.value=this.defaultValue;\" style=\"width: 120px\">   <a href=\"#\" onClick=\"document.forms['mytreasuressearchform'].submit();\">Rechercher<\/a>  <a href=\"#mytreasuressearch\" onClick=\"document.getElementById('mytreasuressearch').value='';document.forms['mytreasuressearchform'].submit();\">Effacer<\/a><\/form><br \/><br \/><div id=\"small_separation\"><\/div><p>> <a href=\"https:\/\/fcgueugnon.fr\/amicalefcg\/gotha\/gothas-des-entraineurs\/68\/1944-1948%20PERPERE%20Lucien%20%20%20(\u2020)\/\">1944-1948 PERPERE Lucien   (\u2020)<\/a> <br \/>> <a href=\"https:\/\/fcgueugnon.fr\/amicalefcg\/gotha\/gothas-des-entraineurs\/106\/1948-1949%20FACZINEK%20Ferdinand%20%20%20(\u2020)\/\">1948-1949 FACZINEK Ferdinand   (\u2020)<\/a> <br \/>> <a href=\"https:\/\/fcgueugnon.fr\/amicalefcg\/gotha\/gothas-des-entraineurs\/347\/1950-1957%20BOITOUT%20Henri%20%20%20(\u2020)\/\">1950-1957 BOITOUT Henri   (\u2020)<\/a> <br \/>> <a href=\"https:\/\/fcgueugnon.fr\/amicalefcg\/gotha\/gothas-des-entraineurs\/107\/1957-1960%20BRAUN%20Gabriel%20%20%20(\u2020)\/\">1957-1960 BRAUN Gabriel   (\u2020)<\/a> <br \/>> <a href=\"https:\/\/fcgueugnon.fr\/amicalefcg\/gotha\/gothas-des-entraineurs\/109\/1960-1962%20BORKOWSKI%20Maryan%20%20%20(\u2020)\/\">1960-1962 BORKOWSKI Maryan   (\u2020)<\/a> <br \/>> <a href=\"https:\/\/fcgueugnon.fr\/amicalefcg\/gotha\/gothas-des-entraineurs\/78\/1962-1965%20VERNIER%20Ren\u00e9%20%20%20(\u2020)\/\">1962-1965 VERNIER Ren\u00e9   (\u2020)<\/a> <br \/>> <a href=\"https:\/\/fcgueugnon.fr\/amicalefcg\/gotha\/gothas-des-entraineurs\/41\/1965-1974%20DANIEL%20Emile%20%20%20(\u2020)\/\">1965-1974 DANIEL Emile   (\u2020)<\/a> <br \/>> <a href=\"https:\/\/fcgueugnon.fr\/amicalefcg\/gotha\/gothas-des-entraineurs\/42\/1974-1986%20NOWOTARSKI%20Casimir%20(\u2020)\/\">1974-1986 NOWOTARSKI Casimir (\u2020)<\/a> <br \/>> <a href=\"https:\/\/fcgueugnon.fr\/amicalefcg\/gotha\/gothas-des-entraineurs\/113\/1986-1988%20BRIET%20Guy%20(\u2020)\/\">1986-1988 BRIET Guy (\u2020)<\/a> <br \/>> <a href=\"https:\/\/fcgueugnon.fr\/amicalefcg\/gotha\/gothas-des-entraineurs\/112\/1988-1990%20CHAY%20Jean%20Yves\/\">1988-1990 CHAY Jean Yves<\/a> <br \/>> <a href=\"https:\/\/fcgueugnon.fr\/amicalefcg\/gotha\/gothas-des-entraineurs\/114\/1990-1992%20HUSSON%20Marcel\/\">1990-1992 HUSSON Marcel<\/a> <br \/>> <a href=\"https:\/\/fcgueugnon.fr\/amicalefcg\/gotha\/gothas-des-entraineurs\/100\/1992-2000%20GRANSART%20Roland\/\">1992-2000 GRANSART Roland<\/a> <br \/>> <a href=\"https:\/\/fcgueugnon.fr\/amicalefcg\/gotha\/gothas-des-entraineurs\/115\/1998-2000%20DUPONT%20Alex%20%20%20(\u2020)\/\">1998-2000 DUPONT Alex   (\u2020)<\/a> <br \/>> <a href=\"https:\/\/fcgueugnon.fr\/amicalefcg\/gotha\/gothas-des-entraineurs\/94\/2000-2001%20LE%20LAMER%20Ren\u00e9\/\">2000-2001 LE LAMER Ren\u00e9<\/a> <br \/>> <a href=\"https:\/\/fcgueugnon.fr\/amicalefcg\/gotha\/gothas-des-entraineurs\/349\/2001-2002%20TOSI%20Noel\/\">2001-2002 TOSI Noel<\/a> <br \/>> <a href=\"https:\/\/fcgueugnon.fr\/amicalefcg\/gotha\/gothas-des-entraineurs\/350\/2002-2004%20CARTIER%20Albert\/\">2002-2004 CARTIER Albert<\/a> <br \/>> <a href=\"https:\/\/fcgueugnon.fr\/amicalefcg\/gotha\/gothas-des-entraineurs\/351\/2004-2005%20FROGER%20Thierry\/\">2004-2005 FROGER Thierry<\/a> <br \/>> <a href=\"https:\/\/fcgueugnon.fr\/amicalefcg\/gotha\/gothas-des-entraineurs\/352\/2005-2007%20ZWUNKA%20Victor\/\">2005-2007 ZWUNKA Victor<\/a> <br \/>> <a href=\"https:\/\/fcgueugnon.fr\/amicalefcg\/gotha\/gothas-des-entraineurs\/353\/2007-2008%20RAVERA%20Alain\/\">2007-2008 RAVERA Alain<\/a> <br \/>> <a href=\"https:\/\/fcgueugnon.fr\/amicalefcg\/gotha\/gothas-des-entraineurs\/354\/2008-2009%20FOURNIER%20Hubert\/LE%20LAMER%20R\/\">2008-2009 FOURNIER Hubert\/LE LAMER R<\/a> <br \/>> <a href=\"https:\/\/fcgueugnon.fr\/amicalefcg\/gotha\/gothas-des-entraineurs\/536\/2009-2011%20(LE%20LAMER%20Ren\u00e9%20d\u00e9clar\u00e9)%20puis%20Cessation%20de%20paiement%20par%20Vairelles%20T.\/\">2009-2011 (LE LAMER Ren\u00e9 d\u00e9clar\u00e9) puis \"Cessation de paiement\" par Vairelles T.<\/a> <br \/>> <a href=\"https:\/\/fcgueugnon.fr\/amicalefcg\/gotha\/gothas-des-entraineurs\/533\/2011-2012%20STROPOLI%20Vincent\/\">2011-2012 STROPOLI Vincent<\/a> <br \/>> <a href=\"https:\/\/fcgueugnon.fr\/amicalefcg\/gotha\/gothas-des-entraineurs\/535\/2012-2014%20BONIFACE%20Eric%20\/\">2012-2014 BONIFACE Eric <\/a> <br \/>> <a href=\"https:\/\/fcgueugnon.fr\/amicalefcg\/gotha\/gothas-des-entraineurs\/534\/2012-Nov%202024%20CORREIA%20Philippe\/\">2012-Nov 2024 CORREIA Philippe<\/a> <br \/>> <a href=\"https:\/\/fcgueugnon.fr\/amicalefcg\/gotha\/gothas-des-entraineurs\/1123\/2024%20Nov%20-%20juin%202025%20AMGHAR%20Fatsah\/\">2024 Nov - juin 2025 AMGHAR Fatsah<\/a> <br \/>> <a href=\"https:\/\/fcgueugnon.fr\/amicalefcg\/gotha\/gothas-des-entraineurs\/547\/2030\/\">2030<\/a> <br \/>> <a href=\"https:\/\/fcgueugnon.fr\/amicalefcg\/gotha\/gothas-des-entraineurs\/566\/ACEDO%20Jean\/\">ACEDO Jean<\/a> <br \/>> <a href=\"https:\/\/fcgueugnon.fr\/amicalefcg\/gotha\/gothas-des-entraineurs\/561\/BERNARD%20Alain\/\">BERNARD Alain<\/a> <br \/>> <a href=\"https:\/\/fcgueugnon.fr\/amicalefcg\/gotha\/gothas-des-entraineurs\/569\/BERNARD%20Georges\/\">BERNARD Georges<\/a> <br \/>> <a href=\"https:\/\/fcgueugnon.fr\/amicalefcg\/gotha\/gothas-des-entraineurs\/526\/BERTHOMMIER%20Gilles%20%20Educ\/\">BERTHOMMIER Gilles  Educ<\/a> <br \/>> <a href=\"https:\/\/fcgueugnon.fr\/amicalefcg\/gotha\/gothas-des-entraineurs\/565\/BRESCIANI%20Daniel\/\">BRESCIANI Daniel<\/a> <br \/>> <a href=\"https:\/\/fcgueugnon.fr\/amicalefcg\/gotha\/gothas-des-entraineurs\/327\/CHASSIN%20Daniel%20%20Educ\/\">CHASSIN Daniel  Educ<\/a> <br \/>> <a href=\"https:\/\/fcgueugnon.fr\/amicalefcg\/gotha\/gothas-des-entraineurs\/1121\/COELHO%20Manuel\/\">COELHO Manuel<\/a> <br \/>> <a href=\"https:\/\/fcgueugnon.fr\/amicalefcg\/gotha\/gothas-des-entraineurs\/527\/DELVAUX%20Michel%20%20Educ\/\">DELVAUX Michel  Educ<\/a> <br \/>> <a href=\"https:\/\/fcgueugnon.fr\/amicalefcg\/gotha\/gothas-des-entraineurs\/563\/DESSOLY%20Alain\/\">DESSOLY Alain<\/a> <br \/>> <a href=\"https:\/\/fcgueugnon.fr\/amicalefcg\/gotha\/gothas-des-entraineurs\/326\/DIONDET%20Hubert\/\">DIONDET Hubert<\/a> <br \/>> <a href=\"https:\/\/fcgueugnon.fr\/amicalefcg\/gotha\/gothas-des-entraineurs\/567\/DUT%20Norbert%20%20%20(\u2020)\/\">DUT Norbert   (\u2020)<\/a> <br \/>> <a href=\"https:\/\/fcgueugnon.fr\/amicalefcg\/gotha\/gothas-des-entraineurs\/564\/FORESTIER%20Serge%20%20(\u2020)\/\">FORESTIER Serge  (\u2020)<\/a> <br \/>> <a href=\"https:\/\/fcgueugnon.fr\/amicalefcg\/gotha\/gothas-des-entraineurs\/1120\/LAUVERNIER%20Philippe\/\">LAUVERNIER Philippe<\/a> <br \/>> <a href=\"https:\/\/fcgueugnon.fr\/amicalefcg\/gotha\/gothas-des-entraineurs\/328\/MANNEVEAU%20Gabriel%20%20%20(\u2020)\/\">MANNEVEAU Gabriel   (\u2020)<\/a> <br \/>> <a href=\"https:\/\/fcgueugnon.fr\/amicalefcg\/gotha\/gothas-des-entraineurs\/1122\/Nov%202024-%20juin%202025%20AMGHAR%20Fatsah\/\">Nov 2024- juin 2025 AMGHAR Fatsah<\/a> <br \/>> <a href=\"https:\/\/fcgueugnon.fr\/amicalefcg\/gotha\/gothas-des-entraineurs\/89\/ROYER%20Michel\/\">ROYER Michel<\/a> <br \/>> <a href=\"https:\/\/fcgueugnon.fr\/amicalefcg\/gotha\/gothas-des-entraineurs\/568\/STROPOLI%20S\u00e9bastien\/\">STROPOLI S\u00e9bastien<\/a> <br \/>> <a href=\"https:\/\/fcgueugnon.fr\/amicalefcg\/gotha\/gothas-des-entraineurs\/562\/STROPOLI%20Vincent\/\">STROPOLI Vincent<\/a> <br \/>> <a href=\"https:\/\/fcgueugnon.fr\/amicalefcg\/gotha\/gothas-des-entraineurs\/570\/THEVENET%20Jean%20Louis\/\">THEVENET Jean Louis<\/a> <br \/>> <a href=\"https:\/\/fcgueugnon.fr\/amicalefcg\/gotha\/gothas-des-entraineurs\/525\/TRIVINO%20Christophe\/\">TRIVINO Christophe<\/a> <br \/><br \/><b>Nombre de fiches:<\/b> 46<br \/><\/p><\/p>\n","protected":false},"excerpt":{"rendered":"<p>Afficher les fiches par Noms tri\u00e9s ou Photos Rechercher Effacer> 1944-1948 PERPERE Lucien (\u2020) > 1948-1949 FACZINEK Ferdinand (\u2020) > 1950-1957 BOITOUT Henri (\u2020) > 1957-1960 BRAUN Gabriel (\u2020) > 1960-1962 BORKOWSKI Maryan (\u2020) > 1962-1965 VERNIER Ren\u00e9 (\u2020) > 1965-1974 DANIEL Emile (\u2020) > 1974-1986 NOWOTARSKI Casimir (\u2020) > 1986-1988 BRIET Guy (\u2020) > [&hellip;]<\/p>\n","protected":false},"author":1,"featured_media":0,"parent":490,"menu_order":1002,"comment_status":"closed","ping_status":"closed","template":"gotha.php","meta":{"footnotes":""},"class_list":["post-470","page","type-page","status-publish","hentry"],"yoast_head":"<!-- This site is optimized with the Yoast SEO plugin v25.5 - https:\/\/yoast.com\/wordpress\/plugins\/seo\/ -->\n<title>Gotha des Entraineurs, Educateurs et Soigneurs | \u2022 GLORIEUX FCG \u2022<\/title>\n<meta name=\"robots\" content=\"index, follow, max-snippet:-1, max-image-preview:large, max-video-preview:-1\" \/>\n<link rel=\"canonical\" href=\"https:\/\/fcgueugnon.fr\/amicalefcg\/gotha\/gothas-des-entraineurs\" \/>\n<meta property=\"og:locale\" content=\"fr_FR\" \/>\n<meta property=\"og:type\" content=\"article\" \/>\n<meta property=\"og:title\" content=\"Gotha des Entraineurs, Educateurs et Soigneurs | \u2022 GLORIEUX FCG \u2022\" \/>\n<meta property=\"og:description\" content=\"Afficher les fiches par Noms tri\u00e9s ou Photos Rechercher Effacer&gt; 1944-1948 PERPERE Lucien (\u2020) &gt; 1948-1949 FACZINEK Ferdinand (\u2020) &gt; 1950-1957 BOITOUT Henri (\u2020) &gt; 1957-1960 BRAUN Gabriel (\u2020) &gt; 1960-1962 BORKOWSKI Maryan (\u2020) &gt; 1962-1965 VERNIER Ren\u00e9 (\u2020) &gt; 1965-1974 DANIEL Emile (\u2020) &gt; 1974-1986 NOWOTARSKI Casimir (\u2020) &gt; 1986-1988 BRIET Guy (\u2020) &gt; [&hellip;]\" \/>\n<meta property=\"og:url\" content=\"https:\/\/fcgueugnon.fr\/amicalefcg\/gotha\/gothas-des-entraineurs\" \/>\n<meta property=\"og:site_name\" content=\"\u2022 GLORIEUX FCG \u2022\" \/>\n<meta property=\"article:publisher\" content=\"https:\/\/www.facebook.com\/GlorieuxFCG\/\" \/>\n<meta property=\"article:modified_time\" content=\"2010-09-23T19:19:00+00:00\" \/>\n<meta name=\"twitter:card\" content=\"summary_large_image\" \/>\n<script type=\"application\/ld+json\" class=\"yoast-schema-graph\">{\"@context\":\"https:\/\/schema.org\",\"@graph\":[{\"@type\":\"WebPage\",\"@id\":\"https:\/\/fcgueugnon.fr\/amicalefcg\/gotha\/gothas-des-entraineurs\",\"url\":\"https:\/\/fcgueugnon.fr\/amicalefcg\/gotha\/gothas-des-entraineurs\",\"name\":\"Gotha des Entraineurs, Educateurs et Soigneurs | \u2022 GLORIEUX FCG \u2022\",\"isPartOf\":{\"@id\":\"https:\/\/fcgueugnon.fr\/amicalefcg\/#website\"},\"datePublished\":\"2010-06-01T11:48:03+00:00\",\"dateModified\":\"2010-09-23T19:19:00+00:00\",\"breadcrumb\":{\"@id\":\"https:\/\/fcgueugnon.fr\/amicalefcg\/gotha\/gothas-des-entraineurs#breadcrumb\"},\"inLanguage\":\"fr-FR\",\"potentialAction\":[{\"@type\":\"ReadAction\",\"target\":[\"https:\/\/fcgueugnon.fr\/amicalefcg\/gotha\/gothas-des-entraineurs\"]}]},{\"@type\":\"BreadcrumbList\",\"@id\":\"https:\/\/fcgueugnon.fr\/amicalefcg\/gotha\/gothas-des-entraineurs#breadcrumb\",\"itemListElement\":[{\"@type\":\"ListItem\",\"position\":1,\"name\":\"Accueil\",\"item\":\"https:\/\/fcgueugnon.fr\/amicalefcg\/\"},{\"@type\":\"ListItem\",\"position\":2,\"name\":\"Historique des effectifs\",\"item\":\"https:\/\/fcgueugnon.fr\/amicalefcg\/gotha\"},{\"@type\":\"ListItem\",\"position\":3,\"name\":\"Gotha des Entraineurs, Educateurs et Soigneurs\"}]},{\"@type\":\"WebSite\",\"@id\":\"https:\/\/fcgueugnon.fr\/amicalefcg\/#website\",\"url\":\"https:\/\/fcgueugnon.fr\/amicalefcg\/\",\"name\":\"\u2022 GLORIEUX FCG \u2022\",\"description\":\"Revivez l&#039;histoire du Football Club de Gueugnon\",\"publisher\":{\"@id\":\"https:\/\/fcgueugnon.fr\/amicalefcg\/#organization\"},\"potentialAction\":[{\"@type\":\"SearchAction\",\"target\":{\"@type\":\"EntryPoint\",\"urlTemplate\":\"https:\/\/fcgueugnon.fr\/amicalefcg\/?s={search_term_string}\"},\"query-input\":{\"@type\":\"PropertyValueSpecification\",\"valueRequired\":true,\"valueName\":\"search_term_string\"}}],\"inLanguage\":\"fr-FR\"},{\"@type\":\"Organization\",\"@id\":\"https:\/\/fcgueugnon.fr\/amicalefcg\/#organization\",\"name\":\"Amicale Anciens FC Gueugnon\",\"url\":\"https:\/\/fcgueugnon.fr\/amicalefcg\/\",\"logo\":{\"@type\":\"ImageObject\",\"inLanguage\":\"fr-FR\",\"@id\":\"https:\/\/fcgueugnon.fr\/amicalefcg\/#\/schema\/logo\/image\/\",\"url\":\"https:\/\/fcgueugnon.fr\/amicalefcg\/wp-content\/uploads\/amicale-anciens-fc-glorieux-gueugnon.png\",\"contentUrl\":\"https:\/\/fcgueugnon.fr\/amicalefcg\/wp-content\/uploads\/amicale-anciens-fc-glorieux-gueugnon.png\",\"width\":240,\"height\":240,\"caption\":\"Amicale Anciens FC Gueugnon\"},\"image\":{\"@id\":\"https:\/\/fcgueugnon.fr\/amicalefcg\/#\/schema\/logo\/image\/\"},\"sameAs\":[\"https:\/\/www.facebook.com\/GlorieuxFCG\/\"]}]}<\/script>\n<!-- \/ Yoast SEO plugin. -->","yoast_head_json":{"title":"Gotha des Entraineurs, Educateurs et Soigneurs | \u2022 GLORIEUX FCG \u2022","robots":{"index":"index","follow":"follow","max-snippet":"max-snippet:-1","max-image-preview":"max-image-preview:large","max-video-preview":"max-video-preview:-1"},"canonical":"https:\/\/fcgueugnon.fr\/amicalefcg\/gotha\/gothas-des-entraineurs","og_locale":"fr_FR","og_type":"article","og_title":"Gotha des Entraineurs, Educateurs et Soigneurs | \u2022 GLORIEUX FCG \u2022","og_description":"Afficher les fiches par Noms tri\u00e9s ou Photos Rechercher Effacer> 1944-1948 PERPERE Lucien (\u2020) > 1948-1949 FACZINEK Ferdinand (\u2020) > 1950-1957 BOITOUT Henri (\u2020) > 1957-1960 BRAUN Gabriel (\u2020) > 1960-1962 BORKOWSKI Maryan (\u2020) > 1962-1965 VERNIER Ren\u00e9 (\u2020) > 1965-1974 DANIEL Emile (\u2020) > 1974-1986 NOWOTARSKI Casimir (\u2020) > 1986-1988 BRIET Guy (\u2020) > [&hellip;]","og_url":"https:\/\/fcgueugnon.fr\/amicalefcg\/gotha\/gothas-des-entraineurs","og_site_name":"\u2022 GLORIEUX FCG \u2022","article_publisher":"https:\/\/www.facebook.com\/GlorieuxFCG\/","article_modified_time":"2010-09-23T19:19:00+00:00","twitter_card":"summary_large_image","schema":{"@context":"https:\/\/schema.org","@graph":[{"@type":"WebPage","@id":"https:\/\/fcgueugnon.fr\/amicalefcg\/gotha\/gothas-des-entraineurs","url":"https:\/\/fcgueugnon.fr\/amicalefcg\/gotha\/gothas-des-entraineurs","name":"Gotha des Entraineurs, Educateurs et Soigneurs | \u2022 GLORIEUX FCG \u2022","isPartOf":{"@id":"https:\/\/fcgueugnon.fr\/amicalefcg\/#website"},"datePublished":"2010-06-01T11:48:03+00:00","dateModified":"2010-09-23T19:19:00+00:00","breadcrumb":{"@id":"https:\/\/fcgueugnon.fr\/amicalefcg\/gotha\/gothas-des-entraineurs#breadcrumb"},"inLanguage":"fr-FR","potentialAction":[{"@type":"ReadAction","target":["https:\/\/fcgueugnon.fr\/amicalefcg\/gotha\/gothas-des-entraineurs"]}]},{"@type":"BreadcrumbList","@id":"https:\/\/fcgueugnon.fr\/amicalefcg\/gotha\/gothas-des-entraineurs#breadcrumb","itemListElement":[{"@type":"ListItem","position":1,"name":"Accueil","item":"https:\/\/fcgueugnon.fr\/amicalefcg\/"},{"@type":"ListItem","position":2,"name":"Historique des effectifs","item":"https:\/\/fcgueugnon.fr\/amicalefcg\/gotha"},{"@type":"ListItem","position":3,"name":"Gotha des Entraineurs, Educateurs et Soigneurs"}]},{"@type":"WebSite","@id":"https:\/\/fcgueugnon.fr\/amicalefcg\/#website","url":"https:\/\/fcgueugnon.fr\/amicalefcg\/","name":"\u2022 GLORIEUX FCG \u2022","description":"Revivez l&#039;histoire du Football Club de Gueugnon","publisher":{"@id":"https:\/\/fcgueugnon.fr\/amicalefcg\/#organization"},"potentialAction":[{"@type":"SearchAction","target":{"@type":"EntryPoint","urlTemplate":"https:\/\/fcgueugnon.fr\/amicalefcg\/?s={search_term_string}"},"query-input":{"@type":"PropertyValueSpecification","valueRequired":true,"valueName":"search_term_string"}}],"inLanguage":"fr-FR"},{"@type":"Organization","@id":"https:\/\/fcgueugnon.fr\/amicalefcg\/#organization","name":"Amicale Anciens FC Gueugnon","url":"https:\/\/fcgueugnon.fr\/amicalefcg\/","logo":{"@type":"ImageObject","inLanguage":"fr-FR","@id":"https:\/\/fcgueugnon.fr\/amicalefcg\/#\/schema\/logo\/image\/","url":"https:\/\/fcgueugnon.fr\/amicalefcg\/wp-content\/uploads\/amicale-anciens-fc-glorieux-gueugnon.png","contentUrl":"https:\/\/fcgueugnon.fr\/amicalefcg\/wp-content\/uploads\/amicale-anciens-fc-glorieux-gueugnon.png","width":240,"height":240,"caption":"Amicale Anciens FC Gueugnon"},"image":{"@id":"https:\/\/fcgueugnon.fr\/amicalefcg\/#\/schema\/logo\/image\/"},"sameAs":["https:\/\/www.facebook.com\/GlorieuxFCG\/"]}]}},"_links":{"self":[{"href":"https:\/\/fcgueugnon.fr\/amicalefcg\/wp-json\/wp\/v2\/pages\/470","targetHints":{"allow":["GET"]}}],"collection":[{"href":"https:\/\/fcgueugnon.fr\/amicalefcg\/wp-json\/wp\/v2\/pages"}],"about":[{"href":"https:\/\/fcgueugnon.fr\/amicalefcg\/wp-json\/wp\/v2\/types\/page"}],"author":[{"embeddable":true,"href":"https:\/\/fcgueugnon.fr\/amicalefcg\/wp-json\/wp\/v2\/users\/1"}],"replies":[{"embeddable":true,"href":"https:\/\/fcgueugnon.fr\/amicalefcg\/wp-json\/wp\/v2\/comments?post=470"}],"version-history":[{"count":13,"href":"https:\/\/fcgueugnon.fr\/amicalefcg\/wp-json\/wp\/v2\/pages\/470\/revisions"}],"predecessor-version":[{"id":1091,"href":"https:\/\/fcgueugnon.fr\/amicalefcg\/wp-json\/wp\/v2\/pages\/470\/revisions\/1091"}],"up":[{"embeddable":true,"href":"https:\/\/fcgueugnon.fr\/amicalefcg\/wp-json\/wp\/v2\/pages\/490"}],"wp:attachment":[{"href":"https:\/\/fcgueugnon.fr\/amicalefcg\/wp-json\/wp\/v2\/media?parent=470"}],"curies":[{"name":"wp","href":"https:\/\/api.w.org\/{rel}","templated":true}]}}