{"id":129,"date":"2010-04-27T11:34:20","date_gmt":"2010-04-27T11:34:20","guid":{"rendered":"http:\/\/fcgueugnon.fr\/amicalefcg\/?page_id=129"},"modified":"2017-11-24T21:59:36","modified_gmt":"2017-11-24T21:59:36","slug":"saisons","status":"publish","type":"page","link":"https:\/\/fcgueugnon.fr\/amicalefcg\/palmares\/saisons","title":{"rendered":"Saisons"},"content":{"rendered":"<p><span style=\"color: #ff8c00;\"><strong><span style=\"font-size: 14px;\">Retrouvez chaque saison en d\u00e9tails depuis la cr\u00e9ation &#8230;<\/span><\/strong><\/span><\/p>\n<p>&nbsp;<\/p>\n<p>Avant 1940 : la FOCH et l&rsquo;AS Gueugnon, en route vers la fusion<\/p>\n<p><span style=\"font-size: 14px;\"><a href=\"http:\/\/fcgueugnon.fr\/amicalefcg\/?p=520\"><span style=\"font-size: 16px;\">1939-1940<\/span> : Pr\u00e9paration de la fusion ASG et Foch<\/a><br \/>\n<a href=\"http:\/\/fcgueugnon.fr\/amicalefcg\/?p=522\"><span style=\"font-size: 16px;\">1940-1941<\/span> : Les grands d\u00e9buts du Football Club de Gueugnon<\/a><br \/>\n<a href=\"http:\/\/fcgueugnon.fr\/amicalefcg\/?p=523\"><span style=\"font-size: 16px;\">1941-1942<\/span> : Championnat Honneur de Bourgogne<\/a><br \/>\n<a href=\"http:\/\/fcgueugnon.fr\/amicalefcg\/?p=524\"> <span style=\"font-size: 16px;\">1942-1943<\/span> : Championnat Honneur de Bourgogne<\/a><br \/>\n<a href=\"http:\/\/fcgueugnon.fr\/amicalefcg\/?p=525\"> <span style=\"font-size: 16px;\">1943-1944<\/span> : Championnat Honneur de Bourgogne\/Franche Comt\u00e9<\/a><br \/>\n<a href=\"http:\/\/fcgueugnon.fr\/amicalefcg\/?p=756\"> <span style=\"font-size: 16px;\">1944-1945<\/span> : P\u00e9riode de guerre<\/a><br \/>\n<a href=\"http:\/\/fcgueugnon.fr\/amicalefcg\/?p=526\"> <span style=\"font-size: 16px;\">1945-1946<\/span> : Championnat Honneur de Bourgogne<\/a><br \/>\n<a href=\"http:\/\/fcgueugnon.fr\/amicalefcg\/?p=574\"> <span style=\"font-size: 16px;\">1946-1947<\/span> : Championnat Honneur de Bourgogne : Champion de France<\/a><br \/>\n<a href=\"http:\/\/fcgueugnon.fr\/amicalefcg\/?p=621\"><span style=\"font-size: 16px;\">1947-1948<\/span> : Championnat Honneur de Bourgogne<\/a><br \/>\n<a href=\"http:\/\/fcgueugnon.fr\/amicalefcg\/?p=634\"><span style=\"font-size: 16px;\">1948-1949<\/span> : Championnat de France Amateur : Groupe Est<br \/>\n<\/a><\/span><\/p>\n<p><span style=\"font-size: 14px;\"><a href=\"http:\/\/fcgueugnon.fr\/amicalefcg\/?p=641\"><span style=\"font-size: 16px;\">1949-1950<\/span> : Championnat de France Amateur : Groupe Sud-Est<\/a><br \/>\n<a href=\"http:\/\/fcgueugnon.fr\/amicalefcg\/?p=645\"><span style=\"font-size: 16px;\">1950-1951<\/span> : Championnat de France Amateur : Groupe Est<\/a><br \/>\n<a href=\"http:\/\/fcgueugnon.fr\/amicalefcg\/?p=651\"><span style=\"font-size: 16px;\">1951-1952<\/span> : Championnat de France Amateur : Groupe Est : Champion de France<\/a><br \/>\n<a href=\"http:\/\/fcgueugnon.fr\/amicalefcg\/?p=654\"><span style=\"font-size: 16px;\">1952-1953<\/span> : Championnat de France Amateur : Groupe Centre<\/a><br \/>\n<a href=\"http:\/\/fcgueugnon.fr\/amicalefcg\/?p=657\"><span style=\"font-size: 16px;\">1953-1954<\/span> : Championnat de France Amateur : Groupe Sud-Est<\/a><br \/>\n<a href=\"http:\/\/fcgueugnon.fr\/amicalefcg\/?p=660\"><span style=\"font-size: 16px;\">1954-1955<\/span> : Championnat de France Amateur : Groupe Sud-Est<\/a><br \/>\n<a href=\"http:\/\/fcgueugnon.fr\/amicalefcg\/?p=663\"><span style=\"font-size: 16px;\">1955-1956<\/span> : Championnat de France Amateur : Groupe Sud-Est<\/a><br \/>\n<a href=\"http:\/\/fcgueugnon.fr\/amicalefcg\/?p=666\"><span style=\"font-size: 16px;\">1956-1957<\/span> : Championnat Honneur de Bourgogne<br \/>\n<\/a><a href=\"http:\/\/fcgueugnon.fr\/amicalefcg\/?p=670\"><span style=\"font-size: 16px;\">1957-1958<\/span> : Championnat de France Amateur : Groupe Sud-Est<\/a><br \/>\n<a href=\"http:\/\/fcgueugnon.fr\/amicalefcg\/?p=674\"><span style=\"font-size: 16px;\">1958-1959<\/span> : Championnat de France Amateur : Groupe Sud-Est<\/a><\/span><\/p>\n<p><span style=\"font-size: 14px;\"><a href=\"http:\/\/fcgueugnon.fr\/amicalefcg\/?p=679\"><span style=\"font-size: 16px;\">1959-1960<\/span> : Championnat de France Amateur : Groupe Est<\/a><br \/>\n<a href=\"http:\/\/fcgueugnon.fr\/amicalefcg\/?p=682\"><span style=\"font-size: 16px;\">1960-1961<\/span> : Championnat de France Amateur : Groupe Sud-Est<\/a><br \/>\n<a href=\"http:\/\/fcgueugnon.fr\/amicalefcg\/?p=686\"><span style=\"font-size: 16px;\">1961-1962<\/span> : Championnat de France Amateur : Groupe Sud-Est<\/a><br \/>\n<a href=\"http:\/\/fcgueugnon.fr\/amicalefcg\/?p=699\"><span style=\"font-size: 16px;\">1962-1963<\/span> : Championnat de France Amateur : Groupe Sud-Est<\/a><br \/>\n<a href=\"http:\/\/fcgueugnon.fr\/amicalefcg\/?p=702\"><span style=\"font-size: 16px;\">1963-1964<\/span> : Championnat de France Amateur : Groupe Centre<\/a><br \/>\n<a href=\"http:\/\/fcgueugnon.fr\/amicalefcg\/?p=705\"><span style=\"font-size: 16px;\">1964-1965<\/span> : Championnat de France Amateur : Groupe Centre<\/a><br \/>\n<a href=\"http:\/\/fcgueugnon.fr\/amicalefcg\/?p=709\"><span style=\"font-size: 16px;\">1965-1966<\/span> : Championnat de France Amateur : Groupe Centre<\/a><br \/>\n<a href=\"http:\/\/fcgueugnon.fr\/amicalefcg\/?p=712\"><span style=\"font-size: 16px;\">1966-1967<\/span> : Championnat de France Amateur : Groupe Centre<\/a><br \/>\n<a href=\"http:\/\/fcgueugnon.fr\/amicalefcg\/?p=715\"><span style=\"font-size: 16px;\">1967-1968<\/span> : Championnat de France Amateur : Groupe Est<\/a><br \/>\n<a href=\"http:\/\/fcgueugnon.fr\/amicalefcg\/?p=718\"><span style=\"font-size: 16px;\">1968-1969<\/span> : Championnat de France Amateur : Groupe Centre<br \/>\n<\/a><\/span><\/p>\n<p><span style=\"font-size: 14px;\"><a href=\"http:\/\/fcgueugnon.fr\/amicalefcg\/?p=223\" target=\"_top\"><span style=\"font-size: 16px;\">1969-1970<\/span> : Championnat de France Amateur : Groupe Centre : Accession au Champt Open D2<br \/>\n<\/a><a href=\"http:\/\/fcgueugnon.fr\/amicalefcg\/?p=511\"><span style=\"font-size: 16px;\">1970-1971<\/span> : Championnat de France National Groupe Sud (future D2)<\/a><br \/>\n<a href=\"http:\/\/fcgueugnon.fr\/amicalefcg\/?p=513\"><span style=\"font-size: 16px;\">1971-1972<\/span> : Championnat de France D2 : Groupe C<\/a><br \/>\n<a href=\"http:\/\/fcgueugnon.fr\/amicalefcg\/?p=296\"><span style=\"font-size: 16px;\">1972-1973<\/span> : Championnat de France D2 : Groupe B<br \/>\n<\/a><a href=\"http:\/\/fcgueugnon.fr\/amicalefcg\/?p=239\" target=\"_top\"><span style=\"font-size: 16px;\">1973-1974<\/span> : Championnat de France D2 : Groupe B<\/a><br \/>\n<a href=\"http:\/\/fcgueugnon.fr\/amicalefcg\/?page_id=206\"><span style=\"font-size: 16px;\">1974-1975<\/span> : Championnat de France D2 : Groupe A<\/a><br \/>\n<a href=\"http:\/\/fcgueugnon.fr\/amicalefcg\/?page_id=284\"><span style=\"font-size: 16px;\">1975-1976<\/span> : Championnat de France D2 : Groupe B<\/a><br \/>\n<a href=\"http:\/\/fcgueugnon.fr\/amicalefcg\/?p=229\" target=\"_top\"><span style=\"font-size: 16px;\">1976-1977<\/span> : Championnat de France D2 : Groupe A : Barragiste accession D2<br \/>\n<\/a><a href=\"http:\/\/fcgueugnon.fr\/amicalefcg\/?p=517\"><span style=\"font-size: 16px;\">1977-1978<\/span> : Championnat de France D2 : Groupe B<br \/>\n<\/a><a href=\"http:\/\/fcgueugnon.fr\/amicalefcg\/?p=132\" target=\"_top\"><span style=\"font-size: 16px;\">1978-1979<\/span> : Championnat de France D2 : Groupe B : Champion de France D2<\/a><\/span><\/p>\n<p><span style=\"font-size: 14px;\"><a href=\"http:\/\/fcgueugnon.fr\/amicalefcg\/?p=518\"><span style=\"font-size: 16px;\">1979-1980<\/span> : Championnat de France D2<\/a><br \/>\n<a href=\"http:\/\/fcgueugnon.fr\/amicalefcg\/?p=257\" target=\"_top\"><span style=\"font-size: 16px;\">1980-1981<\/span> : Championnat de France D2<br \/>\n<\/a><a href=\"http:\/\/fcgueugnon.fr\/amicalefcg\/?p=723\"><span style=\"font-size: 16px;\">1981-1982<\/span> : Championnat de France D2<br \/>\n<\/a><a href=\"http:\/\/fcgueugnon.fr\/amicalefcg\/?p=1173\"><span style=\"font-size: 16px;\">1982-1983<\/span> : Championnat de France D2<\/a><br \/>\n<a href=\"http:\/\/fcgueugnon.fr\/amicalefcg\/?p=1176\"><span style=\"font-size: 16px;\">1983-1984<\/span> : Championnat de France D2<\/a><br \/>\n<a href=\"http:\/\/fcgueugnon.fr\/amicalefcg\/?p=1178\"><span style=\"font-size: 16px;\">1984-1985<\/span> : Championnat de France D2<\/a><br \/>\n<a href=\"http:\/\/fcgueugnon.fr\/amicalefcg\/?p=1180\"><span style=\"font-size: 16px;\">1985-1986<\/span> : Championnat de France D2<\/a><br \/>\n<a href=\"http:\/\/fcgueugnon.fr\/amicalefcg\/?p=1914\"><span style=\"font-size: 16px;\">1986-1987<\/span> : Championnat de France D2<\/a><br \/>\n<a href=\"http:\/\/fcgueugnon.fr\/amicalefcg\/?p=1184\"> <span style=\"font-size: 16px;\">1987-1988<\/span> : Championnat de France D2 &#8211; Passage au statut Professionnel<\/a><br \/>\n<a href=\"http:\/\/fcgueugnon.fr\/amicalefcg\/?p=1186\"><span style=\"font-size: 16px;\">1988-1989<\/span> : Championnat de France D2<\/a><\/span><\/p>\n<p><span style=\"display: none;\">\u00a0<\/span><\/p>\n<p><a href=\"http:\/\/fcgueugnon.fr\/amicalefcg\/?p=1197\"><br \/>\n<\/a><span style=\"font-size: 14px;\"><a href=\"http:\/\/fcgueugnon.fr\/amicalefcg\/?p=1899\"><span style=\"font-size: 16px;\">1989-1990<\/span> : Championnat de France D2<\/a><a href=\"http:\/\/fcgueugnon.fr\/amicalefcg\/?p=1197\"><br \/>\n<\/a><a href=\"http:\/\/fcgueugnon.fr\/amicalefcg\/?p=1191\"><span style=\"font-size: 16px;\">1990-1991<\/span> : Championnat de France D2<\/a><a href=\"http:\/\/fcgueugnon.fr\/amicalefcg\/?p=1197\"><br \/>\n<\/a><a href=\"http:\/\/fcgueugnon.fr\/amicalefcg\/?p=1193\"><span style=\"font-size: 16px;\">1991-1992<\/span> : Championnat de France D2 &#8211; 1\/2 finaliste de la Coupe de France<\/a><a href=\"http:\/\/fcgueugnon.fr\/amicalefcg\/?p=1197\"><br \/>\n<\/a><a href=\"http:\/\/fcgueugnon.fr\/amicalefcg\/?p=1195\"><span style=\"font-size: 16px;\">1992-1993<\/span> : Championnat de France D2<\/a><a href=\"http:\/\/fcgueugnon.fr\/amicalefcg\/?p=1197\"><br \/>\n<span style=\"font-size: 16px;\">1993-1994<\/span> : Championnat de France D2<\/a><br \/>\n<a href=\"http:\/\/fcgueugnon.fr\/amicalefcg\/?p=1199\"><span style=\"font-size: 16px;\">1994-1995<\/span> : Championnat de France D2 &#8211; Accession en Division 1<\/a><\/span><\/p>\n<p><span style=\"font-size: 14px;\"><a href=\"http:\/\/fcgueugnon.fr\/amicalefcg\/?p=1201\"><span style=\"font-size: 16px;\">1995-1996<\/span> : Championnat de France D1<\/a><\/span><\/p>\n<p><span style=\"display: none;\">\u00a0<\/span><\/p>\n","protected":false},"excerpt":{"rendered":"<p>Retrouvez chaque saison en d\u00e9tails depuis la cr\u00e9ation &#8230; &nbsp; Avant 1940 : la FOCH et l&rsquo;AS Gueugnon, en route vers la fusion 1939-1940 : Pr\u00e9paration de la fusion ASG et Foch 1940-1941 : Les grands d\u00e9buts du Football Club de Gueugnon 1941-1942 : Championnat Honneur de Bourgogne 1942-1943 : Championnat Honneur de Bourgogne 1943-1944 [&hellip;]<\/p>\n","protected":false},"author":1,"featured_media":0,"parent":13,"menu_order":500,"comment_status":"closed","ping_status":"closed","template":"","meta":{"footnotes":""},"class_list":["post-129","page","type-page","status-publish","hentry"],"yoast_head":"<!-- This site is optimized with the Yoast SEO plugin v25.5 - https:\/\/yoast.com\/wordpress\/plugins\/seo\/ -->\n<title>Saisons | \u2022 GLORIEUX FCG \u2022<\/title>\n<meta name=\"robots\" content=\"index, follow, max-snippet:-1, max-image-preview:large, max-video-preview:-1\" \/>\n<link rel=\"canonical\" href=\"https:\/\/fcgueugnon.fr\/amicalefcg\/palmares\/saisons\" \/>\n<meta property=\"og:locale\" content=\"fr_FR\" \/>\n<meta property=\"og:type\" content=\"article\" \/>\n<meta property=\"og:title\" content=\"Saisons | \u2022 GLORIEUX FCG \u2022\" \/>\n<meta property=\"og:description\" content=\"Retrouvez chaque saison en d\u00e9tails depuis la cr\u00e9ation &#8230; &nbsp; Avant 1940 : la FOCH et l&rsquo;AS Gueugnon, en route vers la fusion 1939-1940 : Pr\u00e9paration de la fusion ASG et Foch 1940-1941 : Les grands d\u00e9buts du Football Club de Gueugnon 1941-1942 : Championnat Honneur de Bourgogne 1942-1943 : Championnat Honneur de Bourgogne 1943-1944 [&hellip;]\" \/>\n<meta property=\"og:url\" content=\"https:\/\/fcgueugnon.fr\/amicalefcg\/palmares\/saisons\" \/>\n<meta property=\"og:site_name\" content=\"\u2022 GLORIEUX FCG \u2022\" \/>\n<meta property=\"article:publisher\" content=\"https:\/\/www.facebook.com\/GlorieuxFCG\/\" \/>\n<meta property=\"article:modified_time\" content=\"2017-11-24T21:59:36+00:00\" \/>\n<meta name=\"twitter:card\" content=\"summary_large_image\" \/>\n<meta name=\"twitter:label1\" content=\"Dur\u00e9e de lecture estim\u00e9e\" \/>\n\t<meta name=\"twitter:data1\" content=\"2 minutes\" \/>\n<script type=\"application\/ld+json\" class=\"yoast-schema-graph\">{\"@context\":\"https:\/\/schema.org\",\"@graph\":[{\"@type\":\"WebPage\",\"@id\":\"https:\/\/fcgueugnon.fr\/amicalefcg\/palmares\/saisons\",\"url\":\"https:\/\/fcgueugnon.fr\/amicalefcg\/palmares\/saisons\",\"name\":\"Saisons | \u2022 GLORIEUX FCG \u2022\",\"isPartOf\":{\"@id\":\"https:\/\/fcgueugnon.fr\/amicalefcg\/#website\"},\"datePublished\":\"2010-04-27T11:34:20+00:00\",\"dateModified\":\"2017-11-24T21:59:36+00:00\",\"breadcrumb\":{\"@id\":\"https:\/\/fcgueugnon.fr\/amicalefcg\/palmares\/saisons#breadcrumb\"},\"inLanguage\":\"fr-FR\",\"potentialAction\":[{\"@type\":\"ReadAction\",\"target\":[\"https:\/\/fcgueugnon.fr\/amicalefcg\/palmares\/saisons\"]}]},{\"@type\":\"BreadcrumbList\",\"@id\":\"https:\/\/fcgueugnon.fr\/amicalefcg\/palmares\/saisons#breadcrumb\",\"itemListElement\":[{\"@type\":\"ListItem\",\"position\":1,\"name\":\"Accueil\",\"item\":\"https:\/\/fcgueugnon.fr\/amicalefcg\/\"},{\"@type\":\"ListItem\",\"position\":2,\"name\":\"Palmares du FCG\",\"item\":\"https:\/\/fcgueugnon.fr\/amicalefcg\/palmares\"},{\"@type\":\"ListItem\",\"position\":3,\"name\":\"Saisons\"}]},{\"@type\":\"WebSite\",\"@id\":\"https:\/\/fcgueugnon.fr\/amicalefcg\/#website\",\"url\":\"https:\/\/fcgueugnon.fr\/amicalefcg\/\",\"name\":\"\u2022 GLORIEUX FCG \u2022\",\"description\":\"Revivez l&#039;histoire du Football Club de Gueugnon\",\"publisher\":{\"@id\":\"https:\/\/fcgueugnon.fr\/amicalefcg\/#organization\"},\"potentialAction\":[{\"@type\":\"SearchAction\",\"target\":{\"@type\":\"EntryPoint\",\"urlTemplate\":\"https:\/\/fcgueugnon.fr\/amicalefcg\/?s={search_term_string}\"},\"query-input\":{\"@type\":\"PropertyValueSpecification\",\"valueRequired\":true,\"valueName\":\"search_term_string\"}}],\"inLanguage\":\"fr-FR\"},{\"@type\":\"Organization\",\"@id\":\"https:\/\/fcgueugnon.fr\/amicalefcg\/#organization\",\"name\":\"Amicale Anciens FC Gueugnon\",\"url\":\"https:\/\/fcgueugnon.fr\/amicalefcg\/\",\"logo\":{\"@type\":\"ImageObject\",\"inLanguage\":\"fr-FR\",\"@id\":\"https:\/\/fcgueugnon.fr\/amicalefcg\/#\/schema\/logo\/image\/\",\"url\":\"https:\/\/fcgueugnon.fr\/amicalefcg\/wp-content\/uploads\/amicale-anciens-fc-glorieux-gueugnon.png\",\"contentUrl\":\"https:\/\/fcgueugnon.fr\/amicalefcg\/wp-content\/uploads\/amicale-anciens-fc-glorieux-gueugnon.png\",\"width\":240,\"height\":240,\"caption\":\"Amicale Anciens FC Gueugnon\"},\"image\":{\"@id\":\"https:\/\/fcgueugnon.fr\/amicalefcg\/#\/schema\/logo\/image\/\"},\"sameAs\":[\"https:\/\/www.facebook.com\/GlorieuxFCG\/\"]}]}<\/script>\n<!-- \/ Yoast SEO plugin. -->","yoast_head_json":{"title":"Saisons | \u2022 GLORIEUX FCG \u2022","robots":{"index":"index","follow":"follow","max-snippet":"max-snippet:-1","max-image-preview":"max-image-preview:large","max-video-preview":"max-video-preview:-1"},"canonical":"https:\/\/fcgueugnon.fr\/amicalefcg\/palmares\/saisons","og_locale":"fr_FR","og_type":"article","og_title":"Saisons | \u2022 GLORIEUX FCG \u2022","og_description":"Retrouvez chaque saison en d\u00e9tails depuis la cr\u00e9ation &#8230; &nbsp; Avant 1940 : la FOCH et l&rsquo;AS Gueugnon, en route vers la fusion 1939-1940 : Pr\u00e9paration de la fusion ASG et Foch 1940-1941 : Les grands d\u00e9buts du Football Club de Gueugnon 1941-1942 : Championnat Honneur de Bourgogne 1942-1943 : Championnat Honneur de Bourgogne 1943-1944 [&hellip;]","og_url":"https:\/\/fcgueugnon.fr\/amicalefcg\/palmares\/saisons","og_site_name":"\u2022 GLORIEUX FCG \u2022","article_publisher":"https:\/\/www.facebook.com\/GlorieuxFCG\/","article_modified_time":"2017-11-24T21:59:36+00:00","twitter_card":"summary_large_image","twitter_misc":{"Dur\u00e9e de lecture estim\u00e9e":"2 minutes"},"schema":{"@context":"https:\/\/schema.org","@graph":[{"@type":"WebPage","@id":"https:\/\/fcgueugnon.fr\/amicalefcg\/palmares\/saisons","url":"https:\/\/fcgueugnon.fr\/amicalefcg\/palmares\/saisons","name":"Saisons | \u2022 GLORIEUX FCG \u2022","isPartOf":{"@id":"https:\/\/fcgueugnon.fr\/amicalefcg\/#website"},"datePublished":"2010-04-27T11:34:20+00:00","dateModified":"2017-11-24T21:59:36+00:00","breadcrumb":{"@id":"https:\/\/fcgueugnon.fr\/amicalefcg\/palmares\/saisons#breadcrumb"},"inLanguage":"fr-FR","potentialAction":[{"@type":"ReadAction","target":["https:\/\/fcgueugnon.fr\/amicalefcg\/palmares\/saisons"]}]},{"@type":"BreadcrumbList","@id":"https:\/\/fcgueugnon.fr\/amicalefcg\/palmares\/saisons#breadcrumb","itemListElement":[{"@type":"ListItem","position":1,"name":"Accueil","item":"https:\/\/fcgueugnon.fr\/amicalefcg\/"},{"@type":"ListItem","position":2,"name":"Palmares du FCG","item":"https:\/\/fcgueugnon.fr\/amicalefcg\/palmares"},{"@type":"ListItem","position":3,"name":"Saisons"}]},{"@type":"WebSite","@id":"https:\/\/fcgueugnon.fr\/amicalefcg\/#website","url":"https:\/\/fcgueugnon.fr\/amicalefcg\/","name":"\u2022 GLORIEUX FCG \u2022","description":"Revivez l&#039;histoire du Football Club de Gueugnon","publisher":{"@id":"https:\/\/fcgueugnon.fr\/amicalefcg\/#organization"},"potentialAction":[{"@type":"SearchAction","target":{"@type":"EntryPoint","urlTemplate":"https:\/\/fcgueugnon.fr\/amicalefcg\/?s={search_term_string}"},"query-input":{"@type":"PropertyValueSpecification","valueRequired":true,"valueName":"search_term_string"}}],"inLanguage":"fr-FR"},{"@type":"Organization","@id":"https:\/\/fcgueugnon.fr\/amicalefcg\/#organization","name":"Amicale Anciens FC Gueugnon","url":"https:\/\/fcgueugnon.fr\/amicalefcg\/","logo":{"@type":"ImageObject","inLanguage":"fr-FR","@id":"https:\/\/fcgueugnon.fr\/amicalefcg\/#\/schema\/logo\/image\/","url":"https:\/\/fcgueugnon.fr\/amicalefcg\/wp-content\/uploads\/amicale-anciens-fc-glorieux-gueugnon.png","contentUrl":"https:\/\/fcgueugnon.fr\/amicalefcg\/wp-content\/uploads\/amicale-anciens-fc-glorieux-gueugnon.png","width":240,"height":240,"caption":"Amicale Anciens FC Gueugnon"},"image":{"@id":"https:\/\/fcgueugnon.fr\/amicalefcg\/#\/schema\/logo\/image\/"},"sameAs":["https:\/\/www.facebook.com\/GlorieuxFCG\/"]}]}},"_links":{"self":[{"href":"https:\/\/fcgueugnon.fr\/amicalefcg\/wp-json\/wp\/v2\/pages\/129","targetHints":{"allow":["GET"]}}],"collection":[{"href":"https:\/\/fcgueugnon.fr\/amicalefcg\/wp-json\/wp\/v2\/pages"}],"about":[{"href":"https:\/\/fcgueugnon.fr\/amicalefcg\/wp-json\/wp\/v2\/types\/page"}],"author":[{"embeddable":true,"href":"https:\/\/fcgueugnon.fr\/amicalefcg\/wp-json\/wp\/v2\/users\/1"}],"replies":[{"embeddable":true,"href":"https:\/\/fcgueugnon.fr\/amicalefcg\/wp-json\/wp\/v2\/comments?post=129"}],"version-history":[{"count":59,"href":"https:\/\/fcgueugnon.fr\/amicalefcg\/wp-json\/wp\/v2\/pages\/129\/revisions"}],"predecessor-version":[{"id":2566,"href":"https:\/\/fcgueugnon.fr\/amicalefcg\/wp-json\/wp\/v2\/pages\/129\/revisions\/2566"}],"up":[{"embeddable":true,"href":"https:\/\/fcgueugnon.fr\/amicalefcg\/wp-json\/wp\/v2\/pages\/13"}],"wp:attachment":[{"href":"https:\/\/fcgueugnon.fr\/amicalefcg\/wp-json\/wp\/v2\/media?parent=129"}],"curies":[{"name":"wp","href":"https:\/\/api.w.org\/{rel}","templated":true}]}}