{"id":11,"date":"2010-04-01T18:36:39","date_gmt":"2010-04-01T18:36:39","guid":{"rendered":"http:\/\/mwa33.free.fr\/.bertho\/wordpress\/?page_id=11"},"modified":"2025-04-07T23:36:07","modified_gmt":"2025-04-07T21:36:07","slug":"historique","status":"publish","type":"page","link":"https:\/\/fcgueugnon.fr\/amicalefcg\/historique","title":{"rendered":"Historique du Club"},"content":{"rendered":"<ol>\n<li>\n<h3><a href=\"#creation\">La Cr\u00e9ation du Club<\/a><\/h3>\n<\/li>\n<li>\n<h3><a href=\"#amateur\">Le Championnat Amateur<\/a><\/h3>\n<\/li>\n<li>\n<h3><a href=\"#Pro\">Le Championnat Professionnel<\/a><\/h3>\n<\/li>\n<li>\n<h3><a href=\"#chute\">La Chute : la Descente en National<\/a><\/h3>\n<\/li>\n<\/ol>\n<hr style=\"width: 150px;\" \/>\n<h2><a name=\"creation\"><\/a>La cr\u00e9ation du club<\/h2>\n<p>En juillet et ao\u00fbt 1940, les d\u00e9mobilis\u00e9s rentrent dans leurs foyers. Les membres des soci\u00e9t\u00e9s sportives locales, tristes et d\u00e9sabus\u00e9s par la d\u00e9faite, reprennent courage bien que leurs rangs se soient \u00e9claircis. Pourtant, un groupe d\u2019amis du football appartenant soit \u00e0 l\u2019Association Sportive Gueugnonnaise soit \u00e0 la Foch, engagent des conversations amicales sur les erreurs commises avant la guerre, et estiment que l\u2019union fait la force, aussi bien dans le sport que dans la vie. Le 5 septembre 1940, messieurs Tracol et Thomas, secr\u00e9taires des deux soci\u00e9t\u00e9s, se rencontrent afin d\u2019envisager la fusion de leurs associations. Apr\u00e8s accord des joueurs, le 15 septembre 1940, lors d\u2019une rencontre entre les dirigeants de deux associations, la fusion se fait et donna naissance au Football Club de Gueugnon. Le nouveau club adopte les couleurs or et bleu et jouera dans le tout nouveau stade Jean-Laville inaugur\u00e9 le 14 juillet 1939 par M. Paul Faure, ministre d\u2019\u00e9tat et d\u00e9put\u00e9 de Sa\u00f4ne-et-Loire. M. Alexandre Buisson (futur maire de Gueugnon) assure la pr\u00e9sidence du FCG et M. Paul Vannier en devient le pr\u00e9sident d\u2019honneur.<\/p>\n<h2><a name=\"amateur\"><\/a>Le championnat amateur<\/h2>\n<p>D\u00e8s ses premiers pas dans le championnat d\u2019honneur de Bourgogne, le FCG commen\u00e7a \u00e0 faire parler de lui, puisque sur les six saisons pass\u00e9es \u00e0 ce niveau, il obtient cinq fois le droit de disputer les poules finales. C\u2019est ainsi qu\u2019ayant gagn\u00e9 le championnat de la ligue bourguignonne, Gueugnon se retrouve face \u00e0 l\u2019Arago d\u2019Orl\u00e9ans le 15 juin 1947. Sur un score de 2 \u00e0 1, le tout jeune FCG devient champion de France amateur. Puis 4 ann\u00e9es plus tard, dans le tout nouveau championnat de France amateur, Gueugnon, battant Sedan, Draguignan et Bordeaux, et marquant 7 buts sans en encaisser un seul, devient une seconde fois champion de France amateur.<\/p>\n<p>Amput\u00e9 de certains joueurs en raison des \u00e9v\u00e8nements en Alg\u00e9rie le FCG termine avant-dernier de sa poule en 1955-1956 et sera rel\u00e9gu\u00e9 en division honneur de Bourgogne. Il retrouvera sa place en championnat de France amateur l\u2019ann\u00e9e suivante. Ce sera l\u2019une des deux seules rel\u00e9gations de son histoire.<\/p>\n<h2><a name=\"Pro\"><\/a>Le championnat professionnel<\/h2>\n<p>En 1970, le FCG obtient le droit d\u2019acc\u00e9der au tout nouveau championnat appel\u00e9 \u00ab National \u00bb ou \u00ab Open \u00bb pour la saison 1971 et qui deviendra par la suite le championnat de France 2\u00e8me division puis de Ligue 2. Championnat o\u00f9 le FCG d\u00e9tient le record absolu de participations. (38 saisons cons\u00e9cutives avec un bonus de 1 saison en 1\u00e8re Division en 1995-96)<\/p>\n<p>Lors de la saison 1978-1979, l\u2019\u00e9quipe de Casimir Nowotarski termine 1er de son groupe et peut donc acc\u00e9der directement au championnat de France de 1\u00e8re division, \u00e0 condition toutefois que le club adopte le statut professionnel. Les conditions de l&rsquo;\u00e9poque firent que la raison l&#8217;emportera et les dirigeants refus\u00e8rent de franchir le Rubicon.<br \/>\nCependant, le FC Gueugnon rencontrera Brest pour d\u00e9terminer le champion de France. Le FCG d\u00e9croche le graal et bat Brest lors des 2 matchs de barrages. Ainsi le FCG obtient son troisi\u00e8me titre de Champion de France. Dans le m\u00eame temps, le 9 mai 1979, ou19 000 spectateurs entass\u00e9s dans Jean Laville (record d&rsquo;affluence du club), assistent \u00e0 la r\u00e9ception du RC Strasbourg pour les 1\/4 de finale de Coupe de France, apr\u00e8s avoir \u00e9liminer sur 2 matchs le grand St Etienne en 1\/8 de finale. Le FCG n&rsquo;ira pas en demie !<\/p>\n<p>La saison 1994-1995 est rest\u00e9e dans les annales. L\u2019\u00e9quipe de Roland Gransart a jou\u00e9 42 matchs, en a gagn\u00e9 24, perdu 10 et fait 8 nuls. Pourtant le suspens dura jusqu\u2019au dernier match, le 31 mai 1995, o\u00f9 Gueugnon avait obligation de s\u2019imposer \u00e0 Jean-Laville pour obtenir son accession. Cela fut fait avec un 2 \u00e0 0 contre le Red Star. Le stade et la ville \u00e9tait en liesse : Gueugnon acc\u00e9dait enfin \u00e0 la 1\u00e8re division et cette fois-ci les finances le permettaient. Bien que n\u2019\u00e9tant rest\u00e9 \u00e0 ce plus haut niveau que la seule saison suivante, celle-ci restera la plus belle de l\u2019histoire du FCG.<\/p>\n<p>Les saisons suivantes virent Gueugnon terminer r\u00e9guli\u00e8rement dans la premi\u00e8re partie de tableau, le plus souvent flirtant avec l&rsquo;accession en 1\u00e8re Division. Rien ne laissait donc, pr\u00e9sager une descente en National. D\u00e9j\u00e0, lors du Championnat de France de football Ligue 2, saison 2003-04 les Forgerons se maintinrent pour seulement 2 petits points. L&rsquo;avertissement fut sans cons\u00e9quences et l&rsquo;\u00e9quipe se relancera puis signera par la suite trois places dans le \u00ab\u00a0ventre mou\u00a0\u00bb du championnat (10\u00e8me en 2007, 11\u00e8me en 2005 et 12\u00e8me en 2006).<\/p>\n<h2><a name=\"chute\"><\/a>La chute : la descente en National puis la fin de la SASP !<\/h2>\n<p>A l&rsquo;or\u00e9e de la nouvelle saison 2007-2008, visiblement sans objectif, sinon d&rsquo;assurer le maintien au plus vite, le club est toujours dans le circuit depuis 1996, date de sa descente de Division 1 mais ne pensait pas vivre une saison aussi catastrophique. En position de rel\u00e9gable pratiquement toute la saison, le club termine avec seulement 5 succ\u00e8s et rejoint ainsi le Championnat National 1. Lors du dernier match de la saison, les Forgerons signent pourtant leur dernier exploit en Ligue 2 lors du match face \u00e0 Amiens. Les Bourguignons men\u00e9s 4-0 \u00e0 la 51\u00e8me minute semblent avoir d\u00e9j\u00e0 la t\u00eate en vacances, mais un sursaut d&rsquo;orgueil leur permet de tenir en \u00e9chec les Ami\u00e9nois en revenant \u00e0 4-4 !<\/p>\n<p>La saison 2009, en National compos\u00e9 d&rsquo;un effectif tr\u00e8s jeune, le club terminera \u00e0 la 10\u00e8me place.<br \/>\nL&rsquo;inter-saison 2010 voit l&rsquo;arriv\u00e9e d&rsquo;un nouveau projet qui s&rsquo;ach\u00e8vera 15 mois plus tard par une cessation de paiement de la part du clan dirigeant et la liquidation d\u00e9finitive de la SASP le 8 avril 2011. Apr\u00e8s cela, une toute nouvelle histoire du club, redevenu totalement amateur, comme \u00e0 son origine est en train de s&rsquo;\u00e9crire&#8230;.<\/p>\n<p>D\u00e8s les formalit\u00e9s de l&rsquo;huissier termin\u00e9es, un groupe d&rsquo;anciens du Club se remet au travail pour reconstruire tant bien que mal, une organisation Club et une \u00e9quipe de football qui sera engag\u00e9e en Division d&rsquo;Honneur de Bourgogne. Celle-ci sera pr\u00eate pour l&rsquo;ouverture de la nouvelle saison 2011-2012, pour rencontrer Nevers le 27 ao\u00fbt 2011 \u00e0 20h00, l&rsquo;\u00e9quipe sera coach\u00e9e par Vincent Stropoli. Pour son retour en championnat de Bourgogne, le FC Gueugnon terminera \u00e0 la 4\u00e8me place et remportera la Coupe de Bourgogne !<br \/>\nIl faudra une nouvelle saison, 2012-2013 pour voir le FC Gueugnon retrouver le niveau national et acc\u00e9der au championnat de CFA2, sous la houlette de la paire d&rsquo;entra\u00eeneurs Philippe Correia et Eric Boniface ainsi que du retour au club de Richard Trivino dans les buts gueugnonnais. Le match nul 1-1 lors du dernier match de la saison, \u00e0 Jean Laville, contre Selongey, signera le retour aux affaires !<\/p>\n","protected":false},"excerpt":{"rendered":"<p>La Cr\u00e9ation du Club Le Championnat Amateur Le Championnat Professionnel La Chute : la Descente en National La cr\u00e9ation du club En juillet et ao\u00fbt 1940, les d\u00e9mobilis\u00e9s rentrent dans leurs foyers. Les membres des soci\u00e9t\u00e9s sportives locales, tristes et d\u00e9sabus\u00e9s par la d\u00e9faite, reprennent courage bien que leurs rangs se soient \u00e9claircis. Pourtant, un [&hellip;]<\/p>\n","protected":false},"author":1,"featured_media":0,"parent":0,"menu_order":10,"comment_status":"closed","ping_status":"open","template":"","meta":{"footnotes":""},"class_list":["post-11","page","type-page","status-publish","hentry"],"yoast_head":"<!-- This site is optimized with the Yoast SEO plugin v25.5 - https:\/\/yoast.com\/wordpress\/plugins\/seo\/ -->\n<title>Historique du Club | \u2022 GLORIEUX FCG \u2022<\/title>\n<meta name=\"robots\" content=\"index, follow, max-snippet:-1, max-image-preview:large, max-video-preview:-1\" \/>\n<link rel=\"canonical\" href=\"https:\/\/fcgueugnon.fr\/amicalefcg\/historique\" \/>\n<meta property=\"og:locale\" content=\"fr_FR\" \/>\n<meta property=\"og:type\" content=\"article\" \/>\n<meta property=\"og:title\" content=\"Historique du Club | \u2022 GLORIEUX FCG \u2022\" \/>\n<meta property=\"og:description\" content=\"La Cr\u00e9ation du Club Le Championnat Amateur Le Championnat Professionnel La Chute : la Descente en National La cr\u00e9ation du club En juillet et ao\u00fbt 1940, les d\u00e9mobilis\u00e9s rentrent dans leurs foyers. Les membres des soci\u00e9t\u00e9s sportives locales, tristes et d\u00e9sabus\u00e9s par la d\u00e9faite, reprennent courage bien que leurs rangs se soient \u00e9claircis. Pourtant, un [&hellip;]\" \/>\n<meta property=\"og:url\" content=\"https:\/\/fcgueugnon.fr\/amicalefcg\/historique\" \/>\n<meta property=\"og:site_name\" content=\"\u2022 GLORIEUX FCG \u2022\" \/>\n<meta property=\"article:publisher\" content=\"https:\/\/www.facebook.com\/GlorieuxFCG\/\" \/>\n<meta property=\"article:modified_time\" content=\"2025-04-07T21:36:07+00:00\" \/>\n<meta name=\"twitter:card\" content=\"summary_large_image\" \/>\n<meta name=\"twitter:label1\" content=\"Dur\u00e9e de lecture estim\u00e9e\" \/>\n\t<meta name=\"twitter:data1\" content=\"6 minutes\" \/>\n<script type=\"application\/ld+json\" class=\"yoast-schema-graph\">{\"@context\":\"https:\/\/schema.org\",\"@graph\":[{\"@type\":\"WebPage\",\"@id\":\"https:\/\/fcgueugnon.fr\/amicalefcg\/historique\",\"url\":\"https:\/\/fcgueugnon.fr\/amicalefcg\/historique\",\"name\":\"Historique du Club | \u2022 GLORIEUX FCG \u2022\",\"isPartOf\":{\"@id\":\"https:\/\/fcgueugnon.fr\/amicalefcg\/#website\"},\"datePublished\":\"2010-04-01T18:36:39+00:00\",\"dateModified\":\"2025-04-07T21:36:07+00:00\",\"breadcrumb\":{\"@id\":\"https:\/\/fcgueugnon.fr\/amicalefcg\/historique#breadcrumb\"},\"inLanguage\":\"fr-FR\",\"potentialAction\":[{\"@type\":\"ReadAction\",\"target\":[\"https:\/\/fcgueugnon.fr\/amicalefcg\/historique\"]}]},{\"@type\":\"BreadcrumbList\",\"@id\":\"https:\/\/fcgueugnon.fr\/amicalefcg\/historique#breadcrumb\",\"itemListElement\":[{\"@type\":\"ListItem\",\"position\":1,\"name\":\"Accueil\",\"item\":\"https:\/\/fcgueugnon.fr\/amicalefcg\/\"},{\"@type\":\"ListItem\",\"position\":2,\"name\":\"Historique du Club\"}]},{\"@type\":\"WebSite\",\"@id\":\"https:\/\/fcgueugnon.fr\/amicalefcg\/#website\",\"url\":\"https:\/\/fcgueugnon.fr\/amicalefcg\/\",\"name\":\"\u2022 GLORIEUX FCG \u2022\",\"description\":\"Revivez l&#039;histoire du Football Club de Gueugnon\",\"publisher\":{\"@id\":\"https:\/\/fcgueugnon.fr\/amicalefcg\/#organization\"},\"potentialAction\":[{\"@type\":\"SearchAction\",\"target\":{\"@type\":\"EntryPoint\",\"urlTemplate\":\"https:\/\/fcgueugnon.fr\/amicalefcg\/?s={search_term_string}\"},\"query-input\":{\"@type\":\"PropertyValueSpecification\",\"valueRequired\":true,\"valueName\":\"search_term_string\"}}],\"inLanguage\":\"fr-FR\"},{\"@type\":\"Organization\",\"@id\":\"https:\/\/fcgueugnon.fr\/amicalefcg\/#organization\",\"name\":\"Amicale Anciens FC Gueugnon\",\"url\":\"https:\/\/fcgueugnon.fr\/amicalefcg\/\",\"logo\":{\"@type\":\"ImageObject\",\"inLanguage\":\"fr-FR\",\"@id\":\"https:\/\/fcgueugnon.fr\/amicalefcg\/#\/schema\/logo\/image\/\",\"url\":\"https:\/\/fcgueugnon.fr\/amicalefcg\/wp-content\/uploads\/amicale-anciens-fc-glorieux-gueugnon.png\",\"contentUrl\":\"https:\/\/fcgueugnon.fr\/amicalefcg\/wp-content\/uploads\/amicale-anciens-fc-glorieux-gueugnon.png\",\"width\":240,\"height\":240,\"caption\":\"Amicale Anciens FC Gueugnon\"},\"image\":{\"@id\":\"https:\/\/fcgueugnon.fr\/amicalefcg\/#\/schema\/logo\/image\/\"},\"sameAs\":[\"https:\/\/www.facebook.com\/GlorieuxFCG\/\"]}]}<\/script>\n<!-- \/ Yoast SEO plugin. -->","yoast_head_json":{"title":"Historique du Club | \u2022 GLORIEUX FCG \u2022","robots":{"index":"index","follow":"follow","max-snippet":"max-snippet:-1","max-image-preview":"max-image-preview:large","max-video-preview":"max-video-preview:-1"},"canonical":"https:\/\/fcgueugnon.fr\/amicalefcg\/historique","og_locale":"fr_FR","og_type":"article","og_title":"Historique du Club | \u2022 GLORIEUX FCG \u2022","og_description":"La Cr\u00e9ation du Club Le Championnat Amateur Le Championnat Professionnel La Chute : la Descente en National La cr\u00e9ation du club En juillet et ao\u00fbt 1940, les d\u00e9mobilis\u00e9s rentrent dans leurs foyers. Les membres des soci\u00e9t\u00e9s sportives locales, tristes et d\u00e9sabus\u00e9s par la d\u00e9faite, reprennent courage bien que leurs rangs se soient \u00e9claircis. Pourtant, un [&hellip;]","og_url":"https:\/\/fcgueugnon.fr\/amicalefcg\/historique","og_site_name":"\u2022 GLORIEUX FCG \u2022","article_publisher":"https:\/\/www.facebook.com\/GlorieuxFCG\/","article_modified_time":"2025-04-07T21:36:07+00:00","twitter_card":"summary_large_image","twitter_misc":{"Dur\u00e9e de lecture estim\u00e9e":"6 minutes"},"schema":{"@context":"https:\/\/schema.org","@graph":[{"@type":"WebPage","@id":"https:\/\/fcgueugnon.fr\/amicalefcg\/historique","url":"https:\/\/fcgueugnon.fr\/amicalefcg\/historique","name":"Historique du Club | \u2022 GLORIEUX FCG \u2022","isPartOf":{"@id":"https:\/\/fcgueugnon.fr\/amicalefcg\/#website"},"datePublished":"2010-04-01T18:36:39+00:00","dateModified":"2025-04-07T21:36:07+00:00","breadcrumb":{"@id":"https:\/\/fcgueugnon.fr\/amicalefcg\/historique#breadcrumb"},"inLanguage":"fr-FR","potentialAction":[{"@type":"ReadAction","target":["https:\/\/fcgueugnon.fr\/amicalefcg\/historique"]}]},{"@type":"BreadcrumbList","@id":"https:\/\/fcgueugnon.fr\/amicalefcg\/historique#breadcrumb","itemListElement":[{"@type":"ListItem","position":1,"name":"Accueil","item":"https:\/\/fcgueugnon.fr\/amicalefcg\/"},{"@type":"ListItem","position":2,"name":"Historique du Club"}]},{"@type":"WebSite","@id":"https:\/\/fcgueugnon.fr\/amicalefcg\/#website","url":"https:\/\/fcgueugnon.fr\/amicalefcg\/","name":"\u2022 GLORIEUX FCG \u2022","description":"Revivez l&#039;histoire du Football Club de Gueugnon","publisher":{"@id":"https:\/\/fcgueugnon.fr\/amicalefcg\/#organization"},"potentialAction":[{"@type":"SearchAction","target":{"@type":"EntryPoint","urlTemplate":"https:\/\/fcgueugnon.fr\/amicalefcg\/?s={search_term_string}"},"query-input":{"@type":"PropertyValueSpecification","valueRequired":true,"valueName":"search_term_string"}}],"inLanguage":"fr-FR"},{"@type":"Organization","@id":"https:\/\/fcgueugnon.fr\/amicalefcg\/#organization","name":"Amicale Anciens FC Gueugnon","url":"https:\/\/fcgueugnon.fr\/amicalefcg\/","logo":{"@type":"ImageObject","inLanguage":"fr-FR","@id":"https:\/\/fcgueugnon.fr\/amicalefcg\/#\/schema\/logo\/image\/","url":"https:\/\/fcgueugnon.fr\/amicalefcg\/wp-content\/uploads\/amicale-anciens-fc-glorieux-gueugnon.png","contentUrl":"https:\/\/fcgueugnon.fr\/amicalefcg\/wp-content\/uploads\/amicale-anciens-fc-glorieux-gueugnon.png","width":240,"height":240,"caption":"Amicale Anciens FC Gueugnon"},"image":{"@id":"https:\/\/fcgueugnon.fr\/amicalefcg\/#\/schema\/logo\/image\/"},"sameAs":["https:\/\/www.facebook.com\/GlorieuxFCG\/"]}]}},"_links":{"self":[{"href":"https:\/\/fcgueugnon.fr\/amicalefcg\/wp-json\/wp\/v2\/pages\/11","targetHints":{"allow":["GET"]}}],"collection":[{"href":"https:\/\/fcgueugnon.fr\/amicalefcg\/wp-json\/wp\/v2\/pages"}],"about":[{"href":"https:\/\/fcgueugnon.fr\/amicalefcg\/wp-json\/wp\/v2\/types\/page"}],"author":[{"embeddable":true,"href":"https:\/\/fcgueugnon.fr\/amicalefcg\/wp-json\/wp\/v2\/users\/1"}],"replies":[{"embeddable":true,"href":"https:\/\/fcgueugnon.fr\/amicalefcg\/wp-json\/wp\/v2\/comments?post=11"}],"version-history":[{"count":27,"href":"https:\/\/fcgueugnon.fr\/amicalefcg\/wp-json\/wp\/v2\/pages\/11\/revisions"}],"predecessor-version":[{"id":2946,"href":"https:\/\/fcgueugnon.fr\/amicalefcg\/wp-json\/wp\/v2\/pages\/11\/revisions\/2946"}],"wp:attachment":[{"href":"https:\/\/fcgueugnon.fr\/amicalefcg\/wp-json\/wp\/v2\/media?parent=11"}],"curies":[{"name":"wp","href":"https:\/\/api.w.org\/{rel}","templated":true}]}}