{"id":34,"date":"2010-04-01T18:59:01","date_gmt":"2010-04-01T18:59:01","guid":{"rendered":"http:\/\/mwa33.free.fr\/.bertho\/wordpress\/?page_id=34"},"modified":"2019-04-03T13:12:56","modified_gmt":"2019-04-03T13:12:56","slug":"acceuil","status":"publish","type":"page","link":"http:\/\/fcgueugnon.fr\/amicalefcg\/","title":{"rendered":"Accueil"},"content":{"rendered":"<p><span style=\"font-size: 14px;\"><span style=\"color: #0000cd;\"><strong><em>Bienvenue \u00e0 tous sur le nouveau site de l&rsquo;Amicale des Anciens du FCG<\/em><\/strong>.<\/span><\/span><\/p>\n<p style=\"text-align: justify;\">1940 &#8211; 2010 : 70 ans d&rsquo;histoire &#8230;\u00a0 comme le t\u00e9moigne la page d&rsquo;introduction qui arbore le premier maillot du FCG, bleu et or, avec le \u00ab\u00a0V\u00a0\u00bb et le lacet dans le col chemise &#8230; moment de nostalgie pour les plus anciens.<\/p>\n<p style=\"text-align: justify;\">\u00a0 Un grand merci \u00e0 Anthony pour son travail technique de conception et programmation du Site, ainsi que l&rsquo;aide pr\u00e9cieuse de Simon. Merci \u00e9galement aux parents des deux enfants de l&rsquo;\u00e9cole de foot, de nous avoir donn\u00e9 l&rsquo;accord pour la publication de la photo embl\u00e9matique avec Ren\u00e9 CHURLET, lui m\u00eame pr\u00e9sent \u00e0 la cr\u00e9ation du Club !<\/p>\n<p style=\"text-align: justify;\">\u00a0 Au fil des semaines, nous allons compl\u00e9ter les diff\u00e9rentes pages, les diff\u00e9rents chapitres et vous proposer un maximum de photos et informations, depuis l&rsquo;origine du Club &#8230; Michel Chaussin, auteur du livre d&rsquo;or du FCG 1940-1980, \u00ab\u00a0historien du Club\u00a0\u00bb \u00e9minent archiviste et statisticien et d&rsquo;autres \u00ab\u00a0m\u00e9moires vives\u00a0\u00bb viendront nous aider \u00e0 cet exercice comme Franck Sochan, Michel Lemoine &#8230;<br \/>\nA vous de d\u00e9couvrir pour chaque saison, les matchs, les r\u00e9sultats, les particularit\u00e9s, les parcours en coupe, les statistiques, etc &#8230;<br \/>\nAutre rubrique passionnante, le gotha des effectifs, nous allons essayer de vous pr\u00e9senter le maximum de joueurs ayant port\u00e9 le maillot jaune et bleu, principalement en \u00e9quipe fanion mais aussi quelques uns, en \u00e9quipes r\u00e9serves et bien sur les entra\u00eeneurs et dirigeants en essayant de remplir au mieux leur \u00ab\u00a0fiche carri\u00e8re\u00a0\u00bb.<br \/>\nLa galerie de photos restera pour nous \u00ab\u00a0la c\u0153ur de ce site\u00a0\u00bb\u00a0 avec de nombreuses images d&rsquo;\u00e9quipes, de phases de jeu, de buts,\u00a0 mais aussi des photos collectors, des dossiers sp\u00e9ciaux &#8230; etc.<br \/>\nDans la mesure du possible, nous essaierons d&rsquo;y ajouter aussi des t\u00e9moignages audios, des vid\u00e9os \u00ab\u00a0collectors\u00a0\u00bb anciennes, des brochures souvenirs, documents et autres livres \u00e0 consulter .<\/p>\n<p style=\"text-align: justify;\">\u00a0 Un \u00ab\u00a0<u><em>formulaire\u00a0 de contact<\/em><\/u>\u00a0\u00bb sur la page \u00ab\u00a0tribune libre\u00a0\u00bb vous permettra de nous laisser un message \u00e0 l&rsquo;issue de votre visite &#8230;<\/p>\n<p style=\"text-align: justify;\">\u00a0\u00a0\u00a0 En conclusion, ce site couvrira dans un premier temps essentiellement les 50 premi\u00e8res ann\u00e9es du Club. D&rsquo;abord parce que cela repr\u00e9sente une masse importante de travail ! mais surtout parce que notre souhait \u00e9tait de traiter en priorit\u00e9 cette p\u00e9riode totalement absente des sites internet sp\u00e9cialis\u00e9s (tels Wikip\u00e9dia, Footballdatabase, Foot national, F\u00e9d\u00e9ration Foot, etc..) et permettre ainsi aux familles de pouvoir retrouver les traces de leurs parents, grands parents et peut \u00eatre plus que cela&#8230;<\/p>\n<p>\u00a0\u00a0 <em>Bonne visite et bonnes d\u00e9couvertes dans les entrailles de ce Club vieux de 7 d\u00e9cennies !<\/em><\/p>\n<p><strong>Nota<\/strong> : Nous voil\u00e0 en avril 2019, d\u00e9j\u00e0 9 ans que notre site est consultable et vous \u00eates nombreux \u00e0 venir visiter ! Sachez qu&rsquo;en 2020 .. nous f\u00eaterons les <strong>80 ans du Club<\/strong> !<\/p>\n<p style=\"text-align: center;\"><em><span style=\"color: #0000cd;\">Michel Berthommier. Pr\u00e9sident de l&rsquo;Amicale des Anciens du FCG<\/span><\/em><\/p>\n","protected":false},"excerpt":{"rendered":"<p>Bienvenue \u00e0 tous sur le nouveau site de l&rsquo;Amicale des Anciens du FCG. 1940 &#8211; 2010 : 70 ans d&rsquo;histoire &#8230;\u00a0 comme le t\u00e9moigne la page d&rsquo;introduction qui arbore le premier maillot du FCG, bleu et or, avec le \u00ab\u00a0V\u00a0\u00bb et le lacet dans le col chemise &#8230; moment de nostalgie pour les plus anciens. [&hellip;]<\/p>\n","protected":false},"author":1,"featured_media":0,"parent":0,"menu_order":0,"comment_status":"closed","ping_status":"closed","template":"","meta":{"footnotes":""},"class_list":["post-34","page","type-page","status-publish","hentry"],"yoast_head":"<!-- This site is optimized with the Yoast SEO plugin v25.5 - https:\/\/yoast.com\/wordpress\/plugins\/seo\/ -->\n<title>Accueil | \u2022 GLORIEUX FCG \u2022<\/title>\n<meta name=\"robots\" content=\"index, follow, max-snippet:-1, max-image-preview:large, max-video-preview:-1\" \/>\n<link rel=\"canonical\" href=\"https:\/\/fcgueugnon.fr\/amicalefcg\/\" \/>\n<meta property=\"og:locale\" content=\"fr_FR\" \/>\n<meta property=\"og:type\" content=\"article\" \/>\n<meta property=\"og:title\" content=\"Accueil | \u2022 GLORIEUX FCG \u2022\" \/>\n<meta property=\"og:description\" content=\"Bienvenue \u00e0 tous sur le nouveau site de l&rsquo;Amicale des Anciens du FCG. 1940 &#8211; 2010 : 70 ans d&rsquo;histoire &#8230;\u00a0 comme le t\u00e9moigne la page d&rsquo;introduction qui arbore le premier maillot du FCG, bleu et or, avec le \u00ab\u00a0V\u00a0\u00bb et le lacet dans le col chemise &#8230; moment de nostalgie pour les plus anciens. [&hellip;]\" \/>\n<meta property=\"og:url\" content=\"https:\/\/fcgueugnon.fr\/amicalefcg\/\" \/>\n<meta property=\"og:site_name\" content=\"\u2022 GLORIEUX FCG \u2022\" \/>\n<meta property=\"article:publisher\" content=\"https:\/\/www.facebook.com\/GlorieuxFCG\/\" \/>\n<meta property=\"article:modified_time\" content=\"2019-04-03T13:12:56+00:00\" \/>\n<meta name=\"twitter:card\" content=\"summary_large_image\" \/>\n<meta name=\"twitter:label1\" content=\"Dur\u00e9e de lecture estim\u00e9e\" \/>\n\t<meta name=\"twitter:data1\" content=\"2 minutes\" \/>\n<script type=\"application\/ld+json\" class=\"yoast-schema-graph\">{\"@context\":\"https:\/\/schema.org\",\"@graph\":[{\"@type\":\"WebPage\",\"@id\":\"https:\/\/fcgueugnon.fr\/amicalefcg\/\",\"url\":\"https:\/\/fcgueugnon.fr\/amicalefcg\/\",\"name\":\"Accueil | \u2022 GLORIEUX FCG \u2022\",\"isPartOf\":{\"@id\":\"https:\/\/fcgueugnon.fr\/amicalefcg\/#website\"},\"datePublished\":\"2010-04-01T18:59:01+00:00\",\"dateModified\":\"2019-04-03T13:12:56+00:00\",\"breadcrumb\":{\"@id\":\"https:\/\/fcgueugnon.fr\/amicalefcg\/#breadcrumb\"},\"inLanguage\":\"fr-FR\",\"potentialAction\":[{\"@type\":\"ReadAction\",\"target\":[\"https:\/\/fcgueugnon.fr\/amicalefcg\/\"]}]},{\"@type\":\"BreadcrumbList\",\"@id\":\"https:\/\/fcgueugnon.fr\/amicalefcg\/#breadcrumb\",\"itemListElement\":[{\"@type\":\"ListItem\",\"position\":1,\"name\":\"Accueil\",\"item\":\"https:\/\/fcgueugnon.fr\/amicalefcg\/\"},{\"@type\":\"ListItem\",\"position\":2,\"name\":\"Accueil\"}]},{\"@type\":\"WebSite\",\"@id\":\"https:\/\/fcgueugnon.fr\/amicalefcg\/#website\",\"url\":\"https:\/\/fcgueugnon.fr\/amicalefcg\/\",\"name\":\"\u2022 GLORIEUX FCG \u2022\",\"description\":\"Revivez l&#039;histoire du Football Club de Gueugnon\",\"publisher\":{\"@id\":\"https:\/\/fcgueugnon.fr\/amicalefcg\/#organization\"},\"potentialAction\":[{\"@type\":\"SearchAction\",\"target\":{\"@type\":\"EntryPoint\",\"urlTemplate\":\"https:\/\/fcgueugnon.fr\/amicalefcg\/?s={search_term_string}\"},\"query-input\":{\"@type\":\"PropertyValueSpecification\",\"valueRequired\":true,\"valueName\":\"search_term_string\"}}],\"inLanguage\":\"fr-FR\"},{\"@type\":\"Organization\",\"@id\":\"https:\/\/fcgueugnon.fr\/amicalefcg\/#organization\",\"name\":\"Amicale Anciens FC Gueugnon\",\"url\":\"https:\/\/fcgueugnon.fr\/amicalefcg\/\",\"logo\":{\"@type\":\"ImageObject\",\"inLanguage\":\"fr-FR\",\"@id\":\"https:\/\/fcgueugnon.fr\/amicalefcg\/#\/schema\/logo\/image\/\",\"url\":\"https:\/\/fcgueugnon.fr\/amicalefcg\/wp-content\/uploads\/amicale-anciens-fc-glorieux-gueugnon.png\",\"contentUrl\":\"https:\/\/fcgueugnon.fr\/amicalefcg\/wp-content\/uploads\/amicale-anciens-fc-glorieux-gueugnon.png\",\"width\":240,\"height\":240,\"caption\":\"Amicale Anciens FC Gueugnon\"},\"image\":{\"@id\":\"https:\/\/fcgueugnon.fr\/amicalefcg\/#\/schema\/logo\/image\/\"},\"sameAs\":[\"https:\/\/www.facebook.com\/GlorieuxFCG\/\"]}]}<\/script>\n<!-- \/ Yoast SEO plugin. -->","yoast_head_json":{"title":"Accueil | \u2022 GLORIEUX FCG \u2022","robots":{"index":"index","follow":"follow","max-snippet":"max-snippet:-1","max-image-preview":"max-image-preview:large","max-video-preview":"max-video-preview:-1"},"canonical":"https:\/\/fcgueugnon.fr\/amicalefcg\/","og_locale":"fr_FR","og_type":"article","og_title":"Accueil | \u2022 GLORIEUX FCG \u2022","og_description":"Bienvenue \u00e0 tous sur le nouveau site de l&rsquo;Amicale des Anciens du FCG. 1940 &#8211; 2010 : 70 ans d&rsquo;histoire &#8230;\u00a0 comme le t\u00e9moigne la page d&rsquo;introduction qui arbore le premier maillot du FCG, bleu et or, avec le \u00ab\u00a0V\u00a0\u00bb et le lacet dans le col chemise &#8230; moment de nostalgie pour les plus anciens. [&hellip;]","og_url":"https:\/\/fcgueugnon.fr\/amicalefcg\/","og_site_name":"\u2022 GLORIEUX FCG \u2022","article_publisher":"https:\/\/www.facebook.com\/GlorieuxFCG\/","article_modified_time":"2019-04-03T13:12:56+00:00","twitter_card":"summary_large_image","twitter_misc":{"Dur\u00e9e de lecture estim\u00e9e":"2 minutes"},"schema":{"@context":"https:\/\/schema.org","@graph":[{"@type":"WebPage","@id":"https:\/\/fcgueugnon.fr\/amicalefcg\/","url":"https:\/\/fcgueugnon.fr\/amicalefcg\/","name":"Accueil | \u2022 GLORIEUX FCG \u2022","isPartOf":{"@id":"https:\/\/fcgueugnon.fr\/amicalefcg\/#website"},"datePublished":"2010-04-01T18:59:01+00:00","dateModified":"2019-04-03T13:12:56+00:00","breadcrumb":{"@id":"https:\/\/fcgueugnon.fr\/amicalefcg\/#breadcrumb"},"inLanguage":"fr-FR","potentialAction":[{"@type":"ReadAction","target":["https:\/\/fcgueugnon.fr\/amicalefcg\/"]}]},{"@type":"BreadcrumbList","@id":"https:\/\/fcgueugnon.fr\/amicalefcg\/#breadcrumb","itemListElement":[{"@type":"ListItem","position":1,"name":"Accueil","item":"https:\/\/fcgueugnon.fr\/amicalefcg\/"},{"@type":"ListItem","position":2,"name":"Accueil"}]},{"@type":"WebSite","@id":"https:\/\/fcgueugnon.fr\/amicalefcg\/#website","url":"https:\/\/fcgueugnon.fr\/amicalefcg\/","name":"\u2022 GLORIEUX FCG \u2022","description":"Revivez l&#039;histoire du Football Club de Gueugnon","publisher":{"@id":"https:\/\/fcgueugnon.fr\/amicalefcg\/#organization"},"potentialAction":[{"@type":"SearchAction","target":{"@type":"EntryPoint","urlTemplate":"https:\/\/fcgueugnon.fr\/amicalefcg\/?s={search_term_string}"},"query-input":{"@type":"PropertyValueSpecification","valueRequired":true,"valueName":"search_term_string"}}],"inLanguage":"fr-FR"},{"@type":"Organization","@id":"https:\/\/fcgueugnon.fr\/amicalefcg\/#organization","name":"Amicale Anciens FC Gueugnon","url":"https:\/\/fcgueugnon.fr\/amicalefcg\/","logo":{"@type":"ImageObject","inLanguage":"fr-FR","@id":"https:\/\/fcgueugnon.fr\/amicalefcg\/#\/schema\/logo\/image\/","url":"https:\/\/fcgueugnon.fr\/amicalefcg\/wp-content\/uploads\/amicale-anciens-fc-glorieux-gueugnon.png","contentUrl":"https:\/\/fcgueugnon.fr\/amicalefcg\/wp-content\/uploads\/amicale-anciens-fc-glorieux-gueugnon.png","width":240,"height":240,"caption":"Amicale Anciens FC Gueugnon"},"image":{"@id":"https:\/\/fcgueugnon.fr\/amicalefcg\/#\/schema\/logo\/image\/"},"sameAs":["https:\/\/www.facebook.com\/GlorieuxFCG\/"]}]}},"_links":{"self":[{"href":"http:\/\/fcgueugnon.fr\/amicalefcg\/wp-json\/wp\/v2\/pages\/34","targetHints":{"allow":["GET"]}}],"collection":[{"href":"http:\/\/fcgueugnon.fr\/amicalefcg\/wp-json\/wp\/v2\/pages"}],"about":[{"href":"http:\/\/fcgueugnon.fr\/amicalefcg\/wp-json\/wp\/v2\/types\/page"}],"author":[{"embeddable":true,"href":"http:\/\/fcgueugnon.fr\/amicalefcg\/wp-json\/wp\/v2\/users\/1"}],"replies":[{"embeddable":true,"href":"http:\/\/fcgueugnon.fr\/amicalefcg\/wp-json\/wp\/v2\/comments?post=34"}],"version-history":[{"count":35,"href":"http:\/\/fcgueugnon.fr\/amicalefcg\/wp-json\/wp\/v2\/pages\/34\/revisions"}],"predecessor-version":[{"id":2646,"href":"http:\/\/fcgueugnon.fr\/amicalefcg\/wp-json\/wp\/v2\/pages\/34\/revisions\/2646"}],"wp:attachment":[{"href":"http:\/\/fcgueugnon.fr\/amicalefcg\/wp-json\/wp\/v2\/media?parent=34"}],"curies":[{"name":"wp","href":"https:\/\/api.w.org\/{rel}","templated":true}]}}